{"id":7729,"date":"2022-10-18T18:51:00","date_gmt":"2022-10-18T17:51:00","guid":{"rendered":"https:\/\/www.ecolemgs.de\/wordpress\/hestia-front\/"},"modified":"2022-10-18T18:51:00","modified_gmt":"2022-10-18T17:51:00","slug":"hestia-front","status":"publish","type":"page","link":"https:\/\/www.ecolemgs.de\/wordpress\/","title":{"rendered":"En-t\u00eate"},"content":{"rendered":"","protected":false},"excerpt":{"rendered":"","protected":false},"author":1,"featured_media":7613,"parent":0,"menu_order":0,"comment_status":"closed","ping_status":"closed","template":"","meta":{"_crdt_document":"","_uag_custom_page_level_css":"","advgb_blocks_editor_width":"","advgb_blocks_columns_visual_guide":"","ngg_post_thumbnail":0,"cybocfi_hide_featured_image":"","footnotes":""},"class_list":["post-7729","page","type-page","status-publish","has-post-thumbnail","hentry"],"featured_image_urls_v2":{"full":["https:\/\/www.ecolemgs.de\/wordpress\/wp-content\/uploads\/2022\/10\/copy-pencils-gf01732997_1920-1.jpg",1920,1280,false],"thumbnail":["https:\/\/www.ecolemgs.de\/wordpress\/wp-content\/uploads\/2022\/10\/copy-pencils-gf01732997_1920-1-150x150.jpg",150,150,true],"medium":["https:\/\/www.ecolemgs.de\/wordpress\/wp-content\/uploads\/2022\/10\/copy-pencils-gf01732997_1920-1-300x200.jpg",300,200,true],"medium_large":["https:\/\/www.ecolemgs.de\/wordpress\/wp-content\/uploads\/2022\/10\/copy-pencils-gf01732997_1920-1-768x512.jpg",750,500,true],"large":["https:\/\/www.ecolemgs.de\/wordpress\/wp-content\/uploads\/2022\/10\/copy-pencils-gf01732997_1920-1-1024x683.jpg",750,500,true],"1536x1536":["https:\/\/www.ecolemgs.de\/wordpress\/wp-content\/uploads\/2022\/10\/copy-pencils-gf01732997_1920-1-1536x1024.jpg",1536,1024,true],"2048x2048":["https:\/\/www.ecolemgs.de\/wordpress\/wp-content\/uploads\/2022\/10\/copy-pencils-gf01732997_1920-1.jpg",1920,1280,false],"wptouch-new-thumbnail":["https:\/\/www.ecolemgs.de\/wordpress\/wp-content\/uploads\/2022\/10\/copy-pencils-gf01732997_1920-1-144x144.jpg",144,144,true],"hestia-blog":["https:\/\/www.ecolemgs.de\/wordpress\/wp-content\/uploads\/2022\/10\/copy-pencils-gf01732997_1920-1.jpg",360,240,false]},"post_excerpt_stackable_v2":"","category_list_v2":"","author_info_v2":{"name":"Mathieu Marescaux","url":"https:\/\/www.ecolemgs.de\/wordpress\/author\/admin\/"},"comments_num_v2":"0 commentaire","uagb_featured_image_src":{"full":["https:\/\/www.ecolemgs.de\/wordpress\/wp-content\/uploads\/2022\/10\/copy-pencils-gf01732997_1920-1.jpg",1920,1280,false],"thumbnail":["https:\/\/www.ecolemgs.de\/wordpress\/wp-content\/uploads\/2022\/10\/copy-pencils-gf01732997_1920-1-150x150.jpg",150,150,true],"medium":["https:\/\/www.ecolemgs.de\/wordpress\/wp-content\/uploads\/2022\/10\/copy-pencils-gf01732997_1920-1-300x200.jpg",300,200,true],"medium_large":["https:\/\/www.ecolemgs.de\/wordpress\/wp-content\/uploads\/2022\/10\/copy-pencils-gf01732997_1920-1-768x512.jpg",750,500,true],"large":["https:\/\/www.ecolemgs.de\/wordpress\/wp-content\/uploads\/2022\/10\/copy-pencils-gf01732997_1920-1-1024x683.jpg",750,500,true],"1536x1536":["https:\/\/www.ecolemgs.de\/wordpress\/wp-content\/uploads\/2022\/10\/copy-pencils-gf01732997_1920-1-1536x1024.jpg",1536,1024,true],"2048x2048":["https:\/\/www.ecolemgs.de\/wordpress\/wp-content\/uploads\/2022\/10\/copy-pencils-gf01732997_1920-1.jpg",1920,1280,false],"wptouch-new-thumbnail":["https:\/\/www.ecolemgs.de\/wordpress\/wp-content\/uploads\/2022\/10\/copy-pencils-gf01732997_1920-1-144x144.jpg",144,144,true],"hestia-blog":["https:\/\/www.ecolemgs.de\/wordpress\/wp-content\/uploads\/2022\/10\/copy-pencils-gf01732997_1920-1.jpg",360,240,false]},"uagb_author_info":{"display_name":"Mathieu Marescaux","author_link":"https:\/\/www.ecolemgs.de\/wordpress\/author\/admin\/"},"uagb_comment_info":0,"uagb_excerpt":null,"coauthors":[],"author_meta":{"author_link":"https:\/\/www.ecolemgs.de\/wordpress\/author\/admin\/","display_name":"Mathieu Marescaux"},"relative_dates":{"created":"Publi\u00e9 4 ans il y a","modified":"Mis \u00e0 jour 4 ans il y a"},"absolute_dates":{"created":"Publi\u00e9 le 18 octobre 2022","modified":"Mise \u00e0 jour le 18 octobre 2022"},"absolute_dates_time":{"created":"Publi\u00e9 le 18 octobre 2022 18 h 51 min","modified":"Mise \u00e0 jour le 18 octobre 2022 18 h 51 min"},"featured_img_caption":"","featured_img":"https:\/\/www.ecolemgs.de\/wordpress\/wp-content\/uploads\/2022\/10\/copy-pencils-gf01732997_1920-1-150x100.jpg","series_order":"","_links":{"self":[{"href":"https:\/\/www.ecolemgs.de\/wordpress\/wp-json\/wp\/v2\/pages\/7729","targetHints":{"allow":["GET"]}}],"collection":[{"href":"https:\/\/www.ecolemgs.de\/wordpress\/wp-json\/wp\/v2\/pages"}],"about":[{"href":"https:\/\/www.ecolemgs.de\/wordpress\/wp-json\/wp\/v2\/types\/page"}],"author":[{"embeddable":true,"href":"https:\/\/www.ecolemgs.de\/wordpress\/wp-json\/wp\/v2\/users\/1"}],"replies":[{"embeddable":true,"href":"https:\/\/www.ecolemgs.de\/wordpress\/wp-json\/wp\/v2\/comments?post=7729"}],"version-history":[{"count":0,"href":"https:\/\/www.ecolemgs.de\/wordpress\/wp-json\/wp\/v2\/pages\/7729\/revisions"}],"wp:featuredmedia":[{"embeddable":true,"href":"https:\/\/www.ecolemgs.de\/wordpress\/wp-json\/wp\/v2\/media\/7613"}],"wp:attachment":[{"href":"https:\/\/www.ecolemgs.de\/wordpress\/wp-json\/wp\/v2\/media?parent=7729"}],"curies":[{"name":"wp","href":"https:\/\/api.w.org\/{rel}","templated":true}]}}