{"id":5377,"date":"2020-05-29T10:47:39","date_gmt":"2020-05-29T09:47:39","guid":{"rendered":"https:\/\/www.ecolemgs.de\/wordpress\/?page_id=5377"},"modified":"2026-03-17T18:39:17","modified_gmt":"2026-03-17T17:39:17","slug":"flipbooks","status":"publish","type":"page","link":"https:\/\/www.ecolemgs.de\/wordpress\/flipbooks\/","title":{"rendered":"Flipbooks"},"content":{"rendered":"","protected":true},"excerpt":{"rendered":"","protected":true},"author":1,"featured_media":0,"parent":0,"menu_order":0,"comment_status":"closed","ping_status":"closed","template":"","meta":{"_crdt_document":"","_uag_custom_page_level_css":"","advgb_blocks_editor_width":"","advgb_blocks_columns_visual_guide":"","ngg_post_thumbnail":0,"cybocfi_hide_featured_image":"","footnotes":""},"class_list":["post-5377","page","type-page","status-publish","post-password-required","hentry"],"featured_image_urls_v2":{"full":"","thumbnail":"","medium":"","medium_large":"","large":"","1536x1536":"","2048x2048":"","wptouch-new-thumbnail":"","hestia-blog":""},"post_excerpt_stackable_v2":"<p>Livres num\u00e9riquesFlipbooksCliquez sur un des liens. Vous serez dirig\u00e9s vers le livre num\u00e9rique choisi. Il y a deux niveaux. Des flipbooks pour les CP et CE1, ainsi que pour les CE2 et les CM1. Millefeuille CE2 Mille feuille CM1 Les Loustics 2 &#8211; M\u00e9thode de fran\u00e7ais Les Loustics 2 &#8211; Cahier d&rsquo;activit\u00e9s Les Loustics 3 &#8211; M\u00e9thode de fran\u00e7ais Les Loustics 3 &#8211; Cahier d&rsquo;activit\u00e9s Flamm\u00e8che a trouv\u00e9 sa princesse L&rsquo;Afrique de Zigomar La petite poule qui voulait voir la mer Le buveur d&rsquo;encre Joker Un conte peut en cacher un autre La reine des fourmis a disparu John Chatterton\u2026<\/p>\n","category_list_v2":"","author_info_v2":{"name":"Mathieu Marescaux","url":"https:\/\/www.ecolemgs.de\/wordpress\/author\/admin\/"},"comments_num_v2":"0 commentaire","uagb_featured_image_src":{"full":false,"thumbnail":false,"medium":false,"medium_large":false,"large":false,"1536x1536":false,"2048x2048":false,"wptouch-new-thumbnail":false,"hestia-blog":false},"uagb_author_info":{"display_name":"Mathieu Marescaux","author_link":"https:\/\/www.ecolemgs.de\/wordpress\/author\/admin\/"},"uagb_comment_info":0,"uagb_excerpt":"Il n\u2019y a pas d\u2019extrait, car cette publication est prot\u00e9g\u00e9e.","coauthors":[],"author_meta":{"author_link":"https:\/\/www.ecolemgs.de\/wordpress\/author\/admin\/","display_name":"Mathieu Marescaux"},"relative_dates":{"created":"Publi\u00e9 6 ans il y a","modified":"Mis \u00e0 jour 1 mois il y a"},"absolute_dates":{"created":"Publi\u00e9 le 29 mai 2020","modified":"Mise \u00e0 jour le 17 mars 2026"},"absolute_dates_time":{"created":"Publi\u00e9 le 29 mai 2020 10 h 47 min","modified":"Mise \u00e0 jour le 17 mars 2026 18 h 39 min"},"featured_img_caption":"","featured_img":false,"series_order":"","_links":{"self":[{"href":"https:\/\/www.ecolemgs.de\/wordpress\/wp-json\/wp\/v2\/pages\/5377","targetHints":{"allow":["GET"]}}],"collection":[{"href":"https:\/\/www.ecolemgs.de\/wordpress\/wp-json\/wp\/v2\/pages"}],"about":[{"href":"https:\/\/www.ecolemgs.de\/wordpress\/wp-json\/wp\/v2\/types\/page"}],"author":[{"embeddable":true,"href":"https:\/\/www.ecolemgs.de\/wordpress\/wp-json\/wp\/v2\/users\/1"}],"replies":[{"embeddable":true,"href":"https:\/\/www.ecolemgs.de\/wordpress\/wp-json\/wp\/v2\/comments?post=5377"}],"version-history":[{"count":5,"href":"https:\/\/www.ecolemgs.de\/wordpress\/wp-json\/wp\/v2\/pages\/5377\/revisions"}],"predecessor-version":[{"id":8100,"href":"https:\/\/www.ecolemgs.de\/wordpress\/wp-json\/wp\/v2\/pages\/5377\/revisions\/8100"}],"wp:attachment":[{"href":"https:\/\/www.ecolemgs.de\/wordpress\/wp-json\/wp\/v2\/media?parent=5377"}],"curies":[{"name":"wp","href":"https:\/\/api.w.org\/{rel}","templated":true}]}}