{"id":2325,"date":"2019-01-18T22:06:15","date_gmt":"2019-01-18T21:06:15","guid":{"rendered":"https:\/\/www.ecolemgs.de\/wordpress\/?page_id=2325"},"modified":"2023-09-24T13:23:51","modified_gmt":"2023-09-24T12:23:51","slug":"langue-partenaire","status":"publish","type":"page","link":"https:\/\/www.ecolemgs.de\/wordpress\/langue-partenaire\/","title":{"rendered":"CE2 et CM1 &#8211; Exercices et jeux &#8211; LP"},"content":{"rendered":"","protected":true},"excerpt":{"rendered":"","protected":true},"author":1,"featured_media":0,"parent":0,"menu_order":0,"comment_status":"closed","ping_status":"closed","template":"","meta":{"_crdt_document":"","_uag_custom_page_level_css":"","advgb_blocks_editor_width":"","advgb_blocks_columns_visual_guide":"","ngg_post_thumbnail":0,"cybocfi_hide_featured_image":"","footnotes":""},"class_list":["post-2325","page","type-page","status-publish","post-password-required","hentry"],"featured_image_urls_v2":{"full":"","thumbnail":"","medium":"","medium_large":"","large":"","1536x1536":"","2048x2048":"","wptouch-new-thumbnail":"","hestia-blog":""},"post_excerpt_stackable_v2":"<p>Langue Partenaire SommaireCliquez sur l&rsquo;ic\u00f4ne en haut \u00e0 droite de cette page afin de faire appara\u00eetre le sommaire. Pour fermer le sommaire, il vous suffit de cliquer sur la croix ou de cliquer n&rsquo;importe o\u00f9 sur la page. Descriptif des exercices Les exercices propos\u00e9s ci-dessous ont \u00e9t\u00e9 cr\u00e9\u00e9s avec learningapps. Les type d\u00b4exercices sont les suivants: regroupement, classement par cat\u00e9gorie, classement par paires, classement sur un axe, grille d&rsquo;assignation, Quiz avec saisie de texte, QCM, placement sur image, puzzle de classement, mots m\u00eal\u00e9s, mots crois\u00e9s, le pendu, course de chevaux. Vous pouvez agrandir la fen\u00eatre de travail en cliquant sur\u2026<\/p>\n","category_list_v2":"","author_info_v2":{"name":"Mathieu Marescaux","url":"https:\/\/www.ecolemgs.de\/wordpress\/author\/admin\/"},"comments_num_v2":"0 commentaire","uagb_featured_image_src":{"full":false,"thumbnail":false,"medium":false,"medium_large":false,"large":false,"1536x1536":false,"2048x2048":false,"wptouch-new-thumbnail":false,"hestia-blog":false},"uagb_author_info":{"display_name":"Mathieu Marescaux","author_link":"https:\/\/www.ecolemgs.de\/wordpress\/author\/admin\/"},"uagb_comment_info":0,"uagb_excerpt":"Il n\u2019y a pas d\u2019extrait, car cette publication est prot\u00e9g\u00e9e.","coauthors":[],"author_meta":{"author_link":"https:\/\/www.ecolemgs.de\/wordpress\/author\/admin\/","display_name":"Mathieu Marescaux"},"relative_dates":{"created":"Publi\u00e9 7 ans il y a","modified":"Mis \u00e0 jour 3 ans il y a"},"absolute_dates":{"created":"Publi\u00e9 le 18 janvier 2019","modified":"Mise \u00e0 jour le 24 septembre 2023"},"absolute_dates_time":{"created":"Publi\u00e9 le 18 janvier 2019 22 h 06 min","modified":"Mise \u00e0 jour le 24 septembre 2023 13 h 23 min"},"featured_img_caption":"","featured_img":false,"series_order":"","_links":{"self":[{"href":"https:\/\/www.ecolemgs.de\/wordpress\/wp-json\/wp\/v2\/pages\/2325","targetHints":{"allow":["GET"]}}],"collection":[{"href":"https:\/\/www.ecolemgs.de\/wordpress\/wp-json\/wp\/v2\/pages"}],"about":[{"href":"https:\/\/www.ecolemgs.de\/wordpress\/wp-json\/wp\/v2\/types\/page"}],"author":[{"embeddable":true,"href":"https:\/\/www.ecolemgs.de\/wordpress\/wp-json\/wp\/v2\/users\/1"}],"replies":[{"embeddable":true,"href":"https:\/\/www.ecolemgs.de\/wordpress\/wp-json\/wp\/v2\/comments?post=2325"}],"version-history":[{"count":1,"href":"https:\/\/www.ecolemgs.de\/wordpress\/wp-json\/wp\/v2\/pages\/2325\/revisions"}],"predecessor-version":[{"id":8048,"href":"https:\/\/www.ecolemgs.de\/wordpress\/wp-json\/wp\/v2\/pages\/2325\/revisions\/8048"}],"wp:attachment":[{"href":"https:\/\/www.ecolemgs.de\/wordpress\/wp-json\/wp\/v2\/media?parent=2325"}],"curies":[{"name":"wp","href":"https:\/\/api.w.org\/{rel}","templated":true}]}}